{"id":48,"date":"2023-02-15T18:19:26","date_gmt":"2023-02-15T17:19:26","guid":{"rendered":"http:\/\/castel-psychanalyse.com\/?page_id=48"},"modified":"2023-08-24T19:36:57","modified_gmt":"2023-08-24T17:36:57","slug":"contact","status":"publish","type":"page","link":"https:\/\/castel-psychanalyse.com\/index.php\/contact\/","title":{"rendered":"CONTACT"},"content":{"rendered":"\n<figure class=\"wp-block-image size-large\"><img loading=\"lazy\" decoding=\"async\" width=\"1024\" height=\"394\" src=\"https:\/\/castel-psychanalyse.com\/wp-content\/uploads\/2023\/02\/cropped-BANNIERE-SITE-1024x394.png\" alt=\"\" class=\"wp-image-31\" srcset=\"https:\/\/castel-psychanalyse.com\/wp-content\/uploads\/2023\/02\/cropped-BANNIERE-SITE-1024x394.png 1024w, https:\/\/castel-psychanalyse.com\/wp-content\/uploads\/2023\/02\/cropped-BANNIERE-SITE-300x115.png 300w, https:\/\/castel-psychanalyse.com\/wp-content\/uploads\/2023\/02\/cropped-BANNIERE-SITE-768x295.png 768w, https:\/\/castel-psychanalyse.com\/wp-content\/uploads\/2023\/02\/cropped-BANNIERE-SITE-156x60.png 156w, https:\/\/castel-psychanalyse.com\/wp-content\/uploads\/2023\/02\/cropped-BANNIERE-SITE.png 1300w\" sizes=\"auto, (max-width: 1024px) 100vw, 1024px\" \/><\/figure>\n\n\n\n<p class=\"has-text-align-center has-text-color\" style=\"color:#57a8c2\"><strong>Vous pouvez me joindre au 06 67 52 30 02<\/strong><\/p>\n\n\n\n<div class=\"wp-block-columns alignfull has-text-color has-background is-layout-flex wp-container-core-columns-is-layout-9d6595d7 wp-block-columns-is-layout-flex\" style=\"color:#000000;background-color:#ffffff\">\n<div class=\"wp-block-column is-layout-flow wp-block-column-is-layout-flow\">\n<h3 class=\"wp-block-heading has-text-align-center\" style=\"font-size:24px;line-height:1.3\">Cabinet de Juvignac<\/h3>\n\n\n\n<p class=\"has-text-align-center has-medium-font-size\">533 Rue Jupiter<br><em>R\u00e9sidence Eden Flower &#8211; Bat B<\/em><\/p>\n\n\n\n<p class=\"has-text-align-center\">34 990 &#8211; Juvignac<\/p>\n<\/div>\n\n\n\n<div class=\"wp-block-column is-layout-flow wp-block-column-is-layout-flow\">\n<h3 class=\"wp-block-heading has-text-align-center\" style=\"font-size:24px;line-height:1.3\">Cabinet de Saint Andr\u00e9<\/h3>\n\n\n\n<p class=\"has-text-align-center\">2 Avenue L\u00e9once Gabodan&nbsp;<\/p>\n\n\n\n<p class=\"has-text-align-center\">34 725 &#8211; Saint Andr\u00e9 de Sangonis<\/p>\n<\/div>\n<\/div>\n\n\n\n<div class=\"wp-block-buttons has-custom-font-size has-medium-font-size is-content-justification-center is-layout-flex wp-container-core-buttons-is-layout-16018d1d wp-block-buttons-is-layout-flex\" style=\"font-style:normal;font-weight:400\">\n<div class=\"wp-block-button is-style-outline is-style-outline--1\"><a class=\"wp-block-button__link has-text-align-center wp-element-button\" href=\"https:\/\/www.psychologue.net\/cabinets\/karine-castel?service=2439\" target=\"_blank\" rel=\"noreferrer noopener\">Je prends rendez-vous !<\/a><\/div>\n<\/div>\n","protected":false},"excerpt":{"rendered":"<p>Vous pouvez me joindre au 06 67 52 30 02 Cabinet de Juvignac 533 Rue JupiterR\u00e9sidence Eden Flower &#8211; Bat B 34 990 &#8211; Juvignac Cabinet de Saint Andr\u00e9 2 Avenue L\u00e9once Gabodan&nbsp; 34 725 &#8211; Saint Andr\u00e9 de Sangonis<\/p>\n","protected":false},"author":1,"featured_media":0,"parent":0,"menu_order":0,"comment_status":"closed","ping_status":"closed","template":"","meta":{"footnotes":""},"class_list":["post-48","page","type-page","status-publish","hentry"],"yoast_head":"<!-- This site is optimized with the Yoast SEO plugin v21.1 - https:\/\/yoast.com\/wordpress\/plugins\/seo\/ -->\n<title>CONTACT - Karine Castel - Psychanalyste et Sophrologue %<\/title>\n<meta name=\"robots\" content=\"index, follow, max-snippet:-1, max-image-preview:large, max-video-preview:-1\" \/>\n<link rel=\"canonical\" href=\"https:\/\/castel-psychanalyse.com\/index.php\/contact\/\" \/>\n<meta property=\"og:locale\" content=\"fr_FR\" \/>\n<meta property=\"og:type\" content=\"article\" \/>\n<meta property=\"og:title\" content=\"CONTACT - Karine Castel - Psychanalyste et Sophrologue %\" \/>\n<meta property=\"og:description\" content=\"Vous pouvez me joindre au 06 67 52 30 02 Cabinet de Juvignac 533 Rue JupiterR\u00e9sidence Eden Flower &#8211; Bat B 34 990 &#8211; Juvignac Cabinet de Saint Andr\u00e9 2 Avenue L\u00e9once Gabodan&nbsp; 34 725 &#8211; Saint Andr\u00e9 de Sangonis\" \/>\n<meta property=\"og:url\" content=\"https:\/\/castel-psychanalyse.com\/index.php\/contact\/\" \/>\n<meta property=\"og:site_name\" content=\"Karine Castel - Psychanalyste et Sophrologue\" \/>\n<meta property=\"article:modified_time\" content=\"2023-08-24T17:36:57+00:00\" \/>\n<meta property=\"og:image\" content=\"http:\/\/castel-psychanalyse.com\/wp-content\/uploads\/2023\/02\/cropped-BANNIERE-SITE-1024x394.png\" \/>\n<meta name=\"twitter:card\" content=\"summary_large_image\" \/>\n<meta name=\"twitter:label1\" content=\"Dur\u00e9e de lecture estim\u00e9e\" \/>\n\t<meta name=\"twitter:data1\" content=\"1 minute\" \/>\n<script type=\"application\/ld+json\" class=\"yoast-schema-graph\">{\"@context\":\"https:\/\/schema.org\",\"@graph\":[{\"@type\":[\"WebPage\",\"ContactPage\"],\"@id\":\"https:\/\/castel-psychanalyse.com\/index.php\/contact\/\",\"url\":\"https:\/\/castel-psychanalyse.com\/index.php\/contact\/\",\"name\":\"CONTACT - Karine Castel - Psychanalyste et Sophrologue %\",\"isPartOf\":{\"@id\":\"https:\/\/castel-psychanalyse.com\/#website\"},\"datePublished\":\"2023-02-15T17:19:26+00:00\",\"dateModified\":\"2023-08-24T17:36:57+00:00\",\"breadcrumb\":{\"@id\":\"https:\/\/castel-psychanalyse.com\/index.php\/contact\/#breadcrumb\"},\"inLanguage\":\"fr-FR\",\"potentialAction\":[{\"@type\":\"ReadAction\",\"target\":[\"https:\/\/castel-psychanalyse.com\/index.php\/contact\/\"]}]},{\"@type\":\"BreadcrumbList\",\"@id\":\"https:\/\/castel-psychanalyse.com\/index.php\/contact\/#breadcrumb\",\"itemListElement\":[{\"@type\":\"ListItem\",\"position\":1,\"name\":\"Accueil\",\"item\":\"https:\/\/castel-psychanalyse.com\/\"},{\"@type\":\"ListItem\",\"position\":2,\"name\":\"CONTACT\"}]},{\"@type\":\"WebSite\",\"@id\":\"https:\/\/castel-psychanalyse.com\/#website\",\"url\":\"https:\/\/castel-psychanalyse.com\/\",\"name\":\"Karine Castel - Psychanalyste et Sophrologue\",\"description\":\"Karine Castel - Psychanalyste et Sophrologue\",\"publisher\":{\"@id\":\"https:\/\/castel-psychanalyse.com\/#organization\"},\"potentialAction\":[{\"@type\":\"SearchAction\",\"target\":{\"@type\":\"EntryPoint\",\"urlTemplate\":\"https:\/\/castel-psychanalyse.com\/?s={search_term_string}\"},\"query-input\":\"required name=search_term_string\"}],\"inLanguage\":\"fr-FR\"},{\"@type\":\"Organization\",\"@id\":\"https:\/\/castel-psychanalyse.com\/#organization\",\"name\":\"Karine Castel\",\"url\":\"https:\/\/castel-psychanalyse.com\/\",\"logo\":{\"@type\":\"ImageObject\",\"inLanguage\":\"fr-FR\",\"@id\":\"https:\/\/castel-psychanalyse.com\/#\/schema\/logo\/image\/\",\"url\":\"https:\/\/castel-psychanalyse.com\/wp-content\/uploads\/2023\/02\/cropped-BANNIERE-SITE.png\",\"contentUrl\":\"https:\/\/castel-psychanalyse.com\/wp-content\/uploads\/2023\/02\/cropped-BANNIERE-SITE.png\",\"width\":1300,\"height\":500,\"caption\":\"Karine Castel\"},\"image\":{\"@id\":\"https:\/\/castel-psychanalyse.com\/#\/schema\/logo\/image\/\"}}]}<\/script>\n<!-- \/ Yoast SEO plugin. -->","yoast_head_json":{"title":"CONTACT - Karine Castel - Psychanalyste et Sophrologue %","robots":{"index":"index","follow":"follow","max-snippet":"max-snippet:-1","max-image-preview":"max-image-preview:large","max-video-preview":"max-video-preview:-1"},"canonical":"https:\/\/castel-psychanalyse.com\/index.php\/contact\/","og_locale":"fr_FR","og_type":"article","og_title":"CONTACT - Karine Castel - Psychanalyste et Sophrologue %","og_description":"Vous pouvez me joindre au 06 67 52 30 02 Cabinet de Juvignac 533 Rue JupiterR\u00e9sidence Eden Flower &#8211; Bat B 34 990 &#8211; Juvignac Cabinet de Saint Andr\u00e9 2 Avenue L\u00e9once Gabodan&nbsp; 34 725 &#8211; Saint Andr\u00e9 de Sangonis","og_url":"https:\/\/castel-psychanalyse.com\/index.php\/contact\/","og_site_name":"Karine Castel - Psychanalyste et Sophrologue","article_modified_time":"2023-08-24T17:36:57+00:00","og_image":[{"url":"http:\/\/castel-psychanalyse.com\/wp-content\/uploads\/2023\/02\/cropped-BANNIERE-SITE-1024x394.png"}],"twitter_card":"summary_large_image","twitter_misc":{"Dur\u00e9e de lecture estim\u00e9e":"1 minute"},"schema":{"@context":"https:\/\/schema.org","@graph":[{"@type":["WebPage","ContactPage"],"@id":"https:\/\/castel-psychanalyse.com\/index.php\/contact\/","url":"https:\/\/castel-psychanalyse.com\/index.php\/contact\/","name":"CONTACT - Karine Castel - Psychanalyste et Sophrologue %","isPartOf":{"@id":"https:\/\/castel-psychanalyse.com\/#website"},"datePublished":"2023-02-15T17:19:26+00:00","dateModified":"2023-08-24T17:36:57+00:00","breadcrumb":{"@id":"https:\/\/castel-psychanalyse.com\/index.php\/contact\/#breadcrumb"},"inLanguage":"fr-FR","potentialAction":[{"@type":"ReadAction","target":["https:\/\/castel-psychanalyse.com\/index.php\/contact\/"]}]},{"@type":"BreadcrumbList","@id":"https:\/\/castel-psychanalyse.com\/index.php\/contact\/#breadcrumb","itemListElement":[{"@type":"ListItem","position":1,"name":"Accueil","item":"https:\/\/castel-psychanalyse.com\/"},{"@type":"ListItem","position":2,"name":"CONTACT"}]},{"@type":"WebSite","@id":"https:\/\/castel-psychanalyse.com\/#website","url":"https:\/\/castel-psychanalyse.com\/","name":"Karine Castel - Psychanalyste et Sophrologue","description":"Karine Castel - Psychanalyste et Sophrologue","publisher":{"@id":"https:\/\/castel-psychanalyse.com\/#organization"},"potentialAction":[{"@type":"SearchAction","target":{"@type":"EntryPoint","urlTemplate":"https:\/\/castel-psychanalyse.com\/?s={search_term_string}"},"query-input":"required name=search_term_string"}],"inLanguage":"fr-FR"},{"@type":"Organization","@id":"https:\/\/castel-psychanalyse.com\/#organization","name":"Karine Castel","url":"https:\/\/castel-psychanalyse.com\/","logo":{"@type":"ImageObject","inLanguage":"fr-FR","@id":"https:\/\/castel-psychanalyse.com\/#\/schema\/logo\/image\/","url":"https:\/\/castel-psychanalyse.com\/wp-content\/uploads\/2023\/02\/cropped-BANNIERE-SITE.png","contentUrl":"https:\/\/castel-psychanalyse.com\/wp-content\/uploads\/2023\/02\/cropped-BANNIERE-SITE.png","width":1300,"height":500,"caption":"Karine Castel"},"image":{"@id":"https:\/\/castel-psychanalyse.com\/#\/schema\/logo\/image\/"}}]}},"_links":{"self":[{"href":"https:\/\/castel-psychanalyse.com\/index.php\/wp-json\/wp\/v2\/pages\/48","targetHints":{"allow":["GET"]}}],"collection":[{"href":"https:\/\/castel-psychanalyse.com\/index.php\/wp-json\/wp\/v2\/pages"}],"about":[{"href":"https:\/\/castel-psychanalyse.com\/index.php\/wp-json\/wp\/v2\/types\/page"}],"author":[{"embeddable":true,"href":"https:\/\/castel-psychanalyse.com\/index.php\/wp-json\/wp\/v2\/users\/1"}],"replies":[{"embeddable":true,"href":"https:\/\/castel-psychanalyse.com\/index.php\/wp-json\/wp\/v2\/comments?post=48"}],"version-history":[{"count":7,"href":"https:\/\/castel-psychanalyse.com\/index.php\/wp-json\/wp\/v2\/pages\/48\/revisions"}],"predecessor-version":[{"id":139,"href":"https:\/\/castel-psychanalyse.com\/index.php\/wp-json\/wp\/v2\/pages\/48\/revisions\/139"}],"wp:attachment":[{"href":"https:\/\/castel-psychanalyse.com\/index.php\/wp-json\/wp\/v2\/media?parent=48"}],"curies":[{"name":"wp","href":"https:\/\/api.w.org\/{rel}","templated":true}]}}